{"id":3088,"date":"2026-01-06T12:12:29","date_gmt":"2026-01-06T11:12:29","guid":{"rendered":"https:\/\/www.3koenixcross.at\/?page_id=3088"},"modified":"2026-01-07T17:51:29","modified_gmt":"2026-01-07T16:51:29","slug":"ergebnisse-2026","status":"publish","type":"page","link":"https:\/\/www.3koenixcross.at\/?page_id=3088","title":{"rendered":"Ergebnisse 2026"},"content":{"rendered":"\n<ul class=\"wp-block-list\">\n<li><span style=\"font-family: -webkit-standard; font-size: medium; white-space: normal;\">\u00bb&nbsp;<\/span><a href=\"http:\/\/www.3koenixcross.at\/wp-content\/20260106_3KoeniXcrosS_Rennen_3_MWU13-MWU17.pdf\" target=\"_blank\" rel=\"noreferrer noopener\">Rennen 1 \u2013 U17 m\u00e4nnlich, \u00d6RV BikeCard Jugend m\u00e4nnlich, \u00d6RV BikeCard Jugend weiblich<\/a><\/li>\n\n\n\n<li>\u00bb <a href=\"http:\/\/www.3koenixcross.at\/wp-content\/20260106_3KoeniXcrosS_Rennen_3_MWU13-MWU17.pdf\" target=\"_blank\" rel=\"noreferrer noopener\">Rennen 2 \u2013 U17 weiblich, U15 m\u00e4nnlich, U15 weiblich<\/a><\/li>\n\n\n\n<li>\u00bb <a href=\"http:\/\/www.3koenixcross.at\/wp-content\/20260106_3KoeniXcrosS_Rennen_3_MWU13-MWU17.pdf\" target=\"_blank\" rel=\"noreferrer noopener\">Rennen 3 &#8211; U13 m\u00e4nnlich, U13 weiblich, U15 weiblich<\/a><\/li>\n\n\n\n<li>\u00bb <a href=\"http:\/\/www.3koenixcross.at\/wp-content\/20260106_3KoeniXcrosS_Rennen_4_60min.pdf\" target=\"_blank\" rel=\"noreferrer noopener\">Rennen 4 \u2013 Elite\/U23, Amateure, Junioren, Masters I, Masters II, Masters III, Masters IV, Masters V, Masters VI, Cycling Austria Member Card m<\/a><\/li>\n\n\n\n<li>\u00bb <a href=\"http:\/\/www.3koenixcross.at\/wp-content\/20260106_3KoeniXcrosS_Rennen_4_60min.pdf\" target=\"_blank\" rel=\"noreferrer noopener\">Rennen 5 \u2013 Frauen Elite\/U23\/Juniorinnen, Cycling Austria Member Card w<\/a><\/li>\n<\/ul>\n\n\n\n<ul class=\"wp-block-list\">\n<li>\u00bb <a href=\"http:\/\/www.3koenixcross.at\/wp-content\/ergebnis_3KXC26_kids_2.pdf\" target=\"_blank\" rel=\"noreferrer noopener\">KidsBikeTrophy<\/a><\/li>\n<\/ul>\n\n\n\n<p><\/p>\n","protected":false},"excerpt":{"rendered":"<p class=\"continue-reading-button\"> <a class=\"continue-reading-link\" href=\"https:\/\/www.3koenixcross.at\/?page_id=3088\">Continue reading<i class=\"crycon-right-dir\"><\/i><\/a><\/p>\n","protected":false},"author":1,"featured_media":0,"parent":770,"menu_order":0,"comment_status":"closed","ping_status":"closed","template":"","meta":{"footnotes":""},"class_list":["post-3088","page","type-page","status-publish","hentry"],"_links":{"self":[{"href":"https:\/\/www.3koenixcross.at\/index.php?rest_route=\/wp\/v2\/pages\/3088","targetHints":{"allow":["GET"]}}],"collection":[{"href":"https:\/\/www.3koenixcross.at\/index.php?rest_route=\/wp\/v2\/pages"}],"about":[{"href":"https:\/\/www.3koenixcross.at\/index.php?rest_route=\/wp\/v2\/types\/page"}],"author":[{"embeddable":true,"href":"https:\/\/www.3koenixcross.at\/index.php?rest_route=\/wp\/v2\/users\/1"}],"replies":[{"embeddable":true,"href":"https:\/\/www.3koenixcross.at\/index.php?rest_route=%2Fwp%2Fv2%2Fcomments&post=3088"}],"version-history":[{"count":6,"href":"https:\/\/www.3koenixcross.at\/index.php?rest_route=\/wp\/v2\/pages\/3088\/revisions"}],"predecessor-version":[{"id":3101,"href":"https:\/\/www.3koenixcross.at\/index.php?rest_route=\/wp\/v2\/pages\/3088\/revisions\/3101"}],"up":[{"embeddable":true,"href":"https:\/\/www.3koenixcross.at\/index.php?rest_route=\/wp\/v2\/pages\/770"}],"wp:attachment":[{"href":"https:\/\/www.3koenixcross.at\/index.php?rest_route=%2Fwp%2Fv2%2Fmedia&parent=3088"}],"curies":[{"name":"wp","href":"https:\/\/api.w.org\/{rel}","templated":true}]}}