{"id":32,"date":"2014-10-29T23:01:28","date_gmt":"2014-10-29T22:01:28","guid":{"rendered":"http:\/\/www.3koenixcross.at\/?page_id=32"},"modified":"2019-01-08T18:54:44","modified_gmt":"2019-01-08T17:54:44","slug":"impressum","status":"publish","type":"page","link":"https:\/\/www.3koenixcross.at\/?page_id=32","title":{"rendered":"Impressum"},"content":{"rendered":"<h4>Medieninhaber<\/h4>\n<p>RadsportUNION St. P\u00f6lten<br \/>\nSylvia Hehei<br \/>\nLederergasse 21\/37<br \/>\n3100 St. P\u00f6lten<br \/>\nMail: <a href=\"mailto:office@radsportunion.at\">office@radsportunion.at<\/a><br \/>\nWeb: <a title=\"RadsportUNION St. P\u00f6lten\" href=\"http:\/\/www.radsportunion.at\" target=\"_blank\" rel=\"noopener\">www.radsportunion.at<\/a><br \/>\nZVR:\u00a0422814926<\/p>\n<p>&nbsp;<\/p>\n<h4>Konzeption &amp; Design<\/h4>\n<p>pictureworks<br \/>\nBernhard Schober<br \/>\nH\u00f6hnegasse 20\/12<br \/>\n1180 Wien<br \/>\nMail: <a href=\"mailto:office@pictureworks.at\">office@pictureworks.at<\/a><br \/>\nWeb: <a title=\"pictureworks\" href=\"http:\/\/www.pictureworks.at\" target=\"_blank\" rel=\"noopener\">www.pictureworks.at<\/a><\/p>\n<p>&nbsp;<\/p>\n<h4>Datenschutzbestimmungen<\/h4>\n<p>Diese Bestimmungen finden Anwendung bei der Benutzung von\u00a0<a href=\"http:\/\/www.3koenixcross.at\">http:\/\/www.3koenixcross.at<\/a>\u00a0(&#8222;Website&#8220;). Diese Website wird vom Radsportunion St. P\u00f6lten\u00a0mit\u00a0Sitz in St. P\u00f6lten\u00a0(&#8222;Betreiber&#8220;) auf Webservern betrieben, die in einem hochsicheren Datencenter in Wien lokalisiert sind.<br \/>\nWir messen dem Schutz Ihrer pers\u00f6nlichen Daten eine gro\u00dfe Bedeutung bei. Grunds\u00e4tzlich werden bei der Nutzung unserer Website keine personenbezogene Daten erhoben, verarbeitet oder genutzt, es sei denn Sie teilen uns diese von sich aus \u00fcber ein Kontaktformular o.\u00e4. mit. Wir verarbeiten und nutzen diese Daten nur soweit, wie es zur Erbringung des jeweiligen Dienstes notwendig ist.<\/p>\n","protected":false},"excerpt":{"rendered":"<p>Medieninhaber RadsportUNION St. P\u00f6lten Sylvia Hehei Lederergasse 21\/37 3100 St. P\u00f6lten Mail: office@radsportunion.at Web: www.radsportunion.at ZVR:\u00a0422814926 &nbsp; Konzeption &amp; Design pictureworks Bernhard Schober H\u00f6hnegasse 20\/12 1180 Wien Mail: office@pictureworks.at Web: www.pictureworks.at &nbsp; Datenschutzbestimmungen Diese Bestimmungen finden Anwendung bei der Benutzung von\u00a0http:\/\/www.3koenixcross.at\u00a0(&#8222;Website&#8220;). Diese Website wird vom Radsportunion St. P\u00f6lten\u00a0mit\u00a0Sitz in St.\u2026<\/p>\n<p class=\"continue-reading-button\"> <a class=\"continue-reading-link\" href=\"https:\/\/www.3koenixcross.at\/?page_id=32\">Continue reading<i class=\"crycon-right-dir\"><\/i><\/a><\/p>\n","protected":false},"author":1,"featured_media":0,"parent":67,"menu_order":0,"comment_status":"closed","ping_status":"open","template":"templates\/template-onecolumn.php","meta":{"footnotes":""},"class_list":["post-32","page","type-page","status-publish","hentry"],"_links":{"self":[{"href":"https:\/\/www.3koenixcross.at\/index.php?rest_route=\/wp\/v2\/pages\/32","targetHints":{"allow":["GET"]}}],"collection":[{"href":"https:\/\/www.3koenixcross.at\/index.php?rest_route=\/wp\/v2\/pages"}],"about":[{"href":"https:\/\/www.3koenixcross.at\/index.php?rest_route=\/wp\/v2\/types\/page"}],"author":[{"embeddable":true,"href":"https:\/\/www.3koenixcross.at\/index.php?rest_route=\/wp\/v2\/users\/1"}],"replies":[{"embeddable":true,"href":"https:\/\/www.3koenixcross.at\/index.php?rest_route=%2Fwp%2Fv2%2Fcomments&post=32"}],"version-history":[{"count":15,"href":"https:\/\/www.3koenixcross.at\/index.php?rest_route=\/wp\/v2\/pages\/32\/revisions"}],"predecessor-version":[{"id":1899,"href":"https:\/\/www.3koenixcross.at\/index.php?rest_route=\/wp\/v2\/pages\/32\/revisions\/1899"}],"up":[{"embeddable":true,"href":"https:\/\/www.3koenixcross.at\/index.php?rest_route=\/wp\/v2\/pages\/67"}],"wp:attachment":[{"href":"https:\/\/www.3koenixcross.at\/index.php?rest_route=%2Fwp%2Fv2%2Fmedia&parent=32"}],"curies":[{"name":"wp","href":"https:\/\/api.w.org\/{rel}","templated":true}]}}