{"id":47,"date":"2014-10-30T09:16:03","date_gmt":"2014-10-30T08:16:03","guid":{"rendered":"http:\/\/www.3koenixcross.at\/?page_id=47"},"modified":"2026-01-05T16:06:59","modified_gmt":"2026-01-05T15:06:59","slug":"bewerbe-2015","status":"publish","type":"page","link":"https:\/\/www.3koenixcross.at\/?page_id=47","title":{"rendered":"Bewerbe 2026"},"content":{"rendered":"\n<h4 class=\"wp-block-heading\">Dienstag, 6.1.2026<\/h4>\n\n\n\n<ul class=\"wp-block-list\">\n<li>ab 9:00 &#8211; Nummernaugabe (Hauptrennen) bis jeweils 30min vor dem Start<\/li>\n\n\n\n<li>10:00 bis 12:00 &#8211; getrennte Nummernausgabe f\u00fcr KidsBikeTrophy<\/li>\n\n\n\n<li><mark style=\"background-color:rgba(0, 0, 0, 0)\" class=\"has-inline-color has-luminous-vivid-orange-color\">Hauptbewerbe<\/mark><br>10:15 &#8211; Rennen 1 (30 min) \u2013&nbsp;U17 m\u00e4nnlich, \u00d6RV BikeCard Jugend m\u00e4nnlich, \u00d6RV BikeCard Jugend weiblich<br>10:25 &#8211; Rennen 2 (20 min) \u2013 U15 m\u00e4nnlich, U17 weiblich<br>10:30 &#8211; Rennen 3 (15 min) \u2013 U13 m\u00e4nnlich, U13 weiblich, U15 weiblich <br>11:00 &#8211; Siegerehrung Nachwuchs<br>11:35 &#8211; Rennen 4 (60 min) \u2013 Elite\/U23, Amateure-Herren, Junioren, Masters I, Masters II, Masters III, Masters IV, Masters V, Masters VI, Cycling Austria Member Card m\u00e4nnlich<br>11:55 &#8211; Rennen 5 (40 min) \u2013&nbsp;Frauen Elite\/U23\/Juniorinnen, Cycling Austria Member Card weiblich<br>13:00 &#8211; Siegerehrung<\/li>\n\n\n\n<li><mark style=\"background-color:rgba(0, 0, 0, 0)\" class=\"has-inline-color has-luminous-vivid-orange-color\">kidsbiketrophy<\/mark><br>13:20 \u2013 K4 \u2013 Jahrgang 2022 und j\u00fcnger<br>13:30 \u2013 K3 \u2013 Jahrgang 2020\/2021<br>13:40 \u2013 K2- Jahrgang 2018\/2019<br>13:55 \u2013 K1- Jahrgang 2015\/2016\/2017<br>anschlie\u00dfend jeweils Siegerehrung<\/li>\n\n\n\n<li><a href=\"http:\/\/www.3koenixcross.at\/?page_id=53\">mehr Informationen<\/a><\/li>\n<\/ul>\n\n\n\n<h4 class=\"wp-block-heading\">Onlineanmeldung &#8211; ab 01.12.2025 m\u00f6glich<\/h4>\n\n\n\n<ul class=\"wp-block-list\">\n<li>Onlineanmeldung Kinderrennen (geschlossen)<br>Nachnennung vor Ort m\u00f6glich<\/li>\n\n\n\n<li><a href=\"https:\/\/www.computerauswertung.at\/nennung.php?V_ID=260106&amp;lang=de\" target=\"_blank\" rel=\"noreferrer noopener\">Onlineanmeldung 3K\u00f6niXcrosS 06.01.2026<\/a> (bis 3.1.2026 \u2013 24:00)<br>Nachnennung vor Ort m\u00f6glich<\/li>\n<\/ul>\n\n\n\n<p><\/p>\n","protected":false},"excerpt":{"rendered":"<p>Dienstag, 6.1.2026 Onlineanmeldung &#8211; ab 01.12.2025 m\u00f6glich<\/p>\n<p class=\"continue-reading-button\"> <a class=\"continue-reading-link\" href=\"https:\/\/www.3koenixcross.at\/?page_id=47\">Continue reading<i class=\"crycon-right-dir\"><\/i><\/a><\/p>\n","protected":false},"author":1,"featured_media":0,"parent":0,"menu_order":0,"comment_status":"closed","ping_status":"closed","template":"","meta":{"footnotes":""},"class_list":["post-47","page","type-page","status-publish","hentry"],"_links":{"self":[{"href":"https:\/\/www.3koenixcross.at\/index.php?rest_route=\/wp\/v2\/pages\/47","targetHints":{"allow":["GET"]}}],"collection":[{"href":"https:\/\/www.3koenixcross.at\/index.php?rest_route=\/wp\/v2\/pages"}],"about":[{"href":"https:\/\/www.3koenixcross.at\/index.php?rest_route=\/wp\/v2\/types\/page"}],"author":[{"embeddable":true,"href":"https:\/\/www.3koenixcross.at\/index.php?rest_route=\/wp\/v2\/users\/1"}],"replies":[{"embeddable":true,"href":"https:\/\/www.3koenixcross.at\/index.php?rest_route=%2Fwp%2Fv2%2Fcomments&post=47"}],"version-history":[{"count":80,"href":"https:\/\/www.3koenixcross.at\/index.php?rest_route=\/wp\/v2\/pages\/47\/revisions"}],"predecessor-version":[{"id":3084,"href":"https:\/\/www.3koenixcross.at\/index.php?rest_route=\/wp\/v2\/pages\/47\/revisions\/3084"}],"wp:attachment":[{"href":"https:\/\/www.3koenixcross.at\/index.php?rest_route=%2Fwp%2Fv2%2Fmedia&parent=47"}],"curies":[{"name":"wp","href":"https:\/\/api.w.org\/{rel}","templated":true}]}}