{"id":49,"date":"2014-10-30T09:18:23","date_gmt":"2014-10-30T08:18:23","guid":{"rendered":"http:\/\/www.3koenixcross.at\/?page_id=49"},"modified":"2018-01-04T17:35:22","modified_gmt":"2018-01-04T16:35:22","slug":"maedchen-buben","status":"publish","type":"page","link":"https:\/\/www.3koenixcross.at\/?page_id=49","title":{"rendered":"Samstag 06.01.2018"},"content":{"rendered":"<p>&nbsp;<\/p>\n<h4>Rennen 1 &#8211;\u00a0Elite Herrn, U 23 Herrn, Elite Damen, U 23 Damen, Juniorinnen, Master Damen, \u00d6RV Marathon-Card m\u00e4nnlich, \u00d6RV Marathon-Card weiblich<\/h4>\n<p>Disziplin: Verschiedene (siehe Rennen)<br \/>\nMinuten: 60<br \/>\nStrecke: 2200m<br \/>\nStartzeit: 10:30<br \/>\nR\u00fcckstandregelung: lt. \u00d6RV<\/p>\n<h4><\/h4>\n<h4>Rennen 2 &#8211;\u00a0QUER MINIS (Jahrgang 2007 und j\u00fcnger)<\/h4>\n<p>Disziplin: Verschiedene (siehe Rennen)<br \/>\nDistanz: 3 km<br \/>\nMinuten: 10<br \/>\nStrecke: 400m<br \/>\nStartzeit: 12:00<br \/>\n&gt;&gt; <a href=\"http:\/\/www.3koenixcross.at\/wp-content\/17_WRT_Kinderradrennen_Flyer_A5_Mail.pdf\" target=\"_blank\" rel=\"noopener\">weitere Infos<\/a><\/p>\n<h4><\/h4>\n<h4>Rennen 3 &#8211;\u00a0U17<\/h4>\n<p>Disziplin: Verschiedene (siehe Rennen)<br \/>\nMinuten: 30<br \/>\nStrecke: 2200m<br \/>\nStartzeit: 12:30<\/p>\n<h4>Rennen 4 &#8211;\u00a0U15, M\u00e4dchen U17<\/h4>\n<p>Disziplin: Verschiedene (siehe Rennen)<br \/>\nMinuten: 20<br \/>\nStrecke: 2200m<br \/>\nStartzeit: 12:40<\/p>\n<h4>Rennen 5 &#8211;\u00a0Junioren<\/h4>\n<p>Disziplin: Verschiedene (siehe Rennen)<br \/>\nMinuten: 40<br \/>\nStrecke: 2200<br \/>\nStartzeit: 13:45<\/p>\n<h4>Rennen 6 &#8211;\u00a0Master I, Master II, Master III, Master IV, Master V, Master VI, Master VII, Master VIII<\/h4>\n<p>Disziplin: Verschiedene (siehe Rennen)<br \/>\nMinuten: 40<br \/>\nStrecke: 2200m<br \/>\nStartzeit: 13:46<\/p>\n<p>&gt;&gt; \u00a0<a href=\"http:\/\/www.3koenixcross.at\/?page_id=78\">ab sofort nur mehr Nachnennung m\u00f6glich!<\/a><\/p>\n","protected":false},"excerpt":{"rendered":"<p>&nbsp; Rennen 1 &#8211;\u00a0Elite Herrn, U 23 Herrn, Elite Damen, U 23 Damen, Juniorinnen, Master Damen, \u00d6RV Marathon-Card m\u00e4nnlich, \u00d6RV Marathon-Card weiblich Disziplin: Verschiedene (siehe Rennen) Minuten: 60 Strecke: 2200m Startzeit: 10:30 R\u00fcckstandregelung: lt. \u00d6RV Rennen 2 &#8211;\u00a0QUER MINIS (Jahrgang 2007 und j\u00fcnger) Disziplin: Verschiedene (siehe Rennen) Distanz: 3 km\u2026<\/p>\n<p class=\"continue-reading-button\"> <a class=\"continue-reading-link\" href=\"https:\/\/www.3koenixcross.at\/?page_id=49\">Continue reading<i class=\"crycon-right-dir\"><\/i><\/a><\/p>\n","protected":false},"author":1,"featured_media":0,"parent":47,"menu_order":0,"comment_status":"closed","ping_status":"open","template":"","meta":{"footnotes":""},"class_list":["post-49","page","type-page","status-publish","hentry"],"_links":{"self":[{"href":"https:\/\/www.3koenixcross.at\/index.php?rest_route=\/wp\/v2\/pages\/49","targetHints":{"allow":["GET"]}}],"collection":[{"href":"https:\/\/www.3koenixcross.at\/index.php?rest_route=\/wp\/v2\/pages"}],"about":[{"href":"https:\/\/www.3koenixcross.at\/index.php?rest_route=\/wp\/v2\/types\/page"}],"author":[{"embeddable":true,"href":"https:\/\/www.3koenixcross.at\/index.php?rest_route=\/wp\/v2\/users\/1"}],"replies":[{"embeddable":true,"href":"https:\/\/www.3koenixcross.at\/index.php?rest_route=%2Fwp%2Fv2%2Fcomments&post=49"}],"version-history":[{"count":22,"href":"https:\/\/www.3koenixcross.at\/index.php?rest_route=\/wp\/v2\/pages\/49\/revisions"}],"predecessor-version":[{"id":1269,"href":"https:\/\/www.3koenixcross.at\/index.php?rest_route=\/wp\/v2\/pages\/49\/revisions\/1269"}],"up":[{"embeddable":true,"href":"https:\/\/www.3koenixcross.at\/index.php?rest_route=\/wp\/v2\/pages\/47"}],"wp:attachment":[{"href":"https:\/\/www.3koenixcross.at\/index.php?rest_route=%2Fwp%2Fv2%2Fmedia&parent=49"}],"curies":[{"name":"wp","href":"https:\/\/api.w.org\/{rel}","templated":true}]}}