{"id":53,"date":"2014-10-30T09:19:51","date_gmt":"2014-10-30T08:19:51","guid":{"rendered":"http:\/\/www.3koenixcross.at\/?page_id=53"},"modified":"2026-01-06T12:11:55","modified_gmt":"2026-01-06T11:11:55","slug":"rennen-3","status":"publish","type":"page","link":"https:\/\/www.3koenixcross.at\/?page_id=53","title":{"rendered":"Dienstag 06.01.2026"},"content":{"rendered":"\n<h4 class=\"wp-block-heading\">Startnummernausgabe<\/h4>\n\n\n\n<p>09:00 \u2013 10:30 \u2014 Nummernaugabe bis jeweils 30min vor dem Start<br>10:30 &#8211; 12:00 \u2014 Anmeldung und Startnummernausgabe KidsBikeTrophy<\/p>\n\n\n\n<p><mark style=\"background-color:rgba(0, 0, 0, 0)\" class=\"has-inline-color has-luminous-vivid-orange-color\">\u00bb<\/mark> <a href=\"https:\/\/www.computerauswertung.at\/nennung.php?V_ID=260106&amp;lang=de\" target=\"_blank\" rel=\"noreferrer noopener\">Onlineanmeldung 3K\u00f6niXcrosS 06.01.2026<\/a> (bis 3.1.2026 \u2013 24:00)<br> Nachnennung vor Ort m\u00f6glich<br><mark style=\"background-color:rgba(0, 0, 0, 0)\" class=\"has-inline-color has-luminous-vivid-orange-color\">\u00bb<\/mark> Onlineanmeldung Kinderrennen (geschlossen)<br> Nachnennung vor Ort m\u00f6glich<br><mark style=\"background-color:rgba(0, 0, 0, 0)\" class=\"has-inline-color has-luminous-vivid-orange-color\">\u00bb<\/mark> <a href=\"http:\/\/www.kidsbiketrophy.at\" target=\"_blank\" rel=\"noreferrer noopener\">weitere Infos zur Kids Bike Trophy<\/a><\/p>\n\n\n\n<h4 class=\"wp-block-heading\">Rennen 1 &#8211;&nbsp;U17 m\u00e4nnlich, \u00d6RV BikeCard Jugend m\u00e4nnlich, \u00d6RV BikeCard Jugend weiblich<\/h4>\n\n\n\n<p>Disziplin: Querfeldein<br>Minuten: 30<br>Strecke: 2100 m<br>Startzeit: 10:15 Uhr<\/p>\n\n\n\n<h4 class=\"wp-block-heading\">Rennen 2 &#8211; U17 weiblich, U15 m\u00e4nnlich, U15 weiblich<\/h4>\n\n\n\n<p>Disziplin: Querfeldein<br>Minuten: 20<br>Strecke: 2100 m<br>Startzeit: 10:25 Uhr<\/p>\n\n\n\n<h4 class=\"wp-block-heading\">Rennen 3 &#8211; U13 m\u00e4nnlich, U13 weiblich, U15 weiblich<\/h4>\n\n\n\n<p>Disziplin: Querfeldein<br>Minuten: 15<br>Strecke: 2100 m<br>Startzeit: 10:30 Uhr<\/p>\n\n\n\n<h4 class=\"wp-block-heading\">Rennen 4 &#8211; Elite\/U23, Amateure-Herren, Junioren, Masters I, Masters II, Masters III, Masters IV, Masters V, Masters VI, \u00d6RV BikeCard m\u00e4nnlich<\/h4>\n\n\n\n<p>Disziplin: Querfeldein<br>Minuten: 60<br>Strecke: 2100 m<br>Startzeit: 11:35 Uhr<\/p>\n\n\n\n<div class=\"wp-block-group\"><div class=\"wp-block-group__inner-container is-layout-constrained wp-block-group-is-layout-constrained\">\n<h4 class=\"wp-block-heading\">Rennen 5 &#8211;&nbsp;Frauen Elite\/U23\/Juniorinnen, \u00d6RV BikeCard weiblich<\/h4>\n\n\n\n<p>Disziplin: Querfeldein<br>Minuten: 40<br>Strecke: 2100 m<br>Startzeit: 11:55 Uhr<\/p>\n<\/div><\/div>\n\n\n\n<h4 class=\"wp-block-heading\">Kidsbiketrophy<\/h4>\n\n\n\n<p>13:20<br>K4 \u2013 Jahrgang 2022 und j\u00fcnger<br>Renndauer etwa 3 min: flaches Terrain beim Eisberg<br>anschlie\u00dfend Siegerehrung<\/p>\n\n\n\n<p><\/p>\n\n\n\n<p>13:30<br>K3 \u2013 Jahrgang 2020\/2021<br>Renndauer etwa 5 min: flaches Terrain, ein paar Gel\u00e4ndepassagen beim Eisberg<br>anschlie\u00dfend Siegerehrung<\/p>\n\n\n\n<p><\/p>\n\n\n\n<p>13:40<br>K2- Jahrgang 2018\/2019<br>Renndauer etwa 10 min: flaches Terrain mit kleinen Gel\u00e4ndekanten beim Eisberg, teilweise Passagen zum Schieben des Rades<br>anschlie\u00dfend Siegerehrung<\/p>\n\n\n\n<p><\/p>\n\n\n\n<p>13:55<br>K1- Jahrgang 2015\/2016\/2017<br>Renndauer etwa 15 min: flaches Terrain mit kleinen Gel\u00e4ndekanten beim Eisberg, teilweise Passagen zum Schieben des Rades<br>anschlie\u00dfend Siegerehrung<\/p>\n\n\n\n<p><\/p>\n\n\n\n<p><mark style=\"background-color:rgba(0, 0, 0, 0)\" class=\"has-inline-color has-luminous-vivid-orange-color\">\u00bb<\/mark> Onlineanmeldung Kinderrennen (geschlossen)<br> Nachnennung vor Ort m\u00f6glich<br><mark style=\"background-color:rgba(0, 0, 0, 0)\" class=\"has-inline-color has-luminous-vivid-orange-color\">\u00bb<\/mark> <a href=\"http:\/\/www.kidsbiketrophy.at\" target=\"_blank\" rel=\"noreferrer noopener\">weitere Infos zur Kids Bike Trophy<\/a><\/p>\n\n\n\n<h4 class=\"wp-block-heading\">Siegerehrung<\/h4>\n\n\n\n<p>Startzeit: 13:30 Uhr<br>kidsbiketrophy, Lizenzrennen, N\u00d6 Meisterschaften<\/p>\n","protected":false},"excerpt":{"rendered":"<p>Startnummernausgabe 09:00 \u2013 10:30 \u2014 Nummernaugabe bis jeweils 30min vor dem Start10:30 &#8211; 12:00 \u2014 Anmeldung und Startnummernausgabe KidsBikeTrophy \u00bb Onlineanmeldung 3K\u00f6niXcrosS 06.01.2026 (bis 3.1.2026 \u2013 24:00) Nachnennung vor Ort m\u00f6glich\u00bb Onlineanmeldung Kinderrennen (geschlossen) Nachnennung vor Ort m\u00f6glich\u00bb weitere Infos zur Kids Bike Trophy Rennen 1 &#8211;&nbsp;U17 m\u00e4nnlich, \u00d6RV BikeCard\u2026<\/p>\n<p class=\"continue-reading-button\"> <a class=\"continue-reading-link\" href=\"https:\/\/www.3koenixcross.at\/?page_id=53\">Continue reading<i class=\"crycon-right-dir\"><\/i><\/a><\/p>\n","protected":false},"author":1,"featured_media":0,"parent":47,"menu_order":0,"comment_status":"closed","ping_status":"open","template":"","meta":{"footnotes":""},"class_list":["post-53","page","type-page","status-publish","hentry"],"_links":{"self":[{"href":"https:\/\/www.3koenixcross.at\/index.php?rest_route=\/wp\/v2\/pages\/53","targetHints":{"allow":["GET"]}}],"collection":[{"href":"https:\/\/www.3koenixcross.at\/index.php?rest_route=\/wp\/v2\/pages"}],"about":[{"href":"https:\/\/www.3koenixcross.at\/index.php?rest_route=\/wp\/v2\/types\/page"}],"author":[{"embeddable":true,"href":"https:\/\/www.3koenixcross.at\/index.php?rest_route=\/wp\/v2\/users\/1"}],"replies":[{"embeddable":true,"href":"https:\/\/www.3koenixcross.at\/index.php?rest_route=%2Fwp%2Fv2%2Fcomments&post=53"}],"version-history":[{"count":84,"href":"https:\/\/www.3koenixcross.at\/index.php?rest_route=\/wp\/v2\/pages\/53\/revisions"}],"predecessor-version":[{"id":3089,"href":"https:\/\/www.3koenixcross.at\/index.php?rest_route=\/wp\/v2\/pages\/53\/revisions\/3089"}],"up":[{"embeddable":true,"href":"https:\/\/www.3koenixcross.at\/index.php?rest_route=\/wp\/v2\/pages\/47"}],"wp:attachment":[{"href":"https:\/\/www.3koenixcross.at\/index.php?rest_route=%2Fwp%2Fv2%2Fmedia&parent=53"}],"curies":[{"name":"wp","href":"https:\/\/api.w.org\/{rel}","templated":true}]}}