{"id":59,"date":"2014-10-30T09:22:59","date_gmt":"2014-10-30T08:22:59","guid":{"rendered":"http:\/\/www.3koenixcross.at\/?page_id=59"},"modified":"2025-12-02T08:41:05","modified_gmt":"2025-12-02T07:41:05","slug":"event","status":"publish","type":"page","link":"https:\/\/www.3koenixcross.at\/?page_id=59","title":{"rendered":"Event"},"content":{"rendered":"\n<h4 class=\"wp-block-heading\">Dienstag, 6.1.2026<\/h4>\n\n\n\n<ul class=\"wp-block-list\">\n<li>ab 9:00 &#8211; Nummernaugabe (Hauptrennen) bis jeweils 30min vor dem Start<\/li>\n\n\n\n<li>10:30 bis 12:00 &#8211; getrennte Nummernausgabe f\u00fcr KidsBikeTrophy<\/li>\n\n\n\n<li><mark style=\"background-color:rgba(0, 0, 0, 0)\" class=\"has-inline-color has-luminous-vivid-orange-color\">Hauptbewerbe<\/mark><br>10:15 &#8211; Rennen 1 (30 min) \u2013\u00a0U17 m\u00e4nnlich, \u00d6RV BikeCard Jugend m\u00e4nnlich, \u00d6RV BikeCard Jugend weiblich<br>10:25 &#8211; Rennen 2 (20 min) \u2013 U17 weiblich, U15 m\u00e4nnlich, U15 weiblich, U13 m\u00e4nnlich, U13 weiblich<br>10:30 &#8211; Rennen 3 (15 min) \u2013 U15 weiblich, U13 m\u00e4nnlich, U13 weiblich<br>11:00 &#8211; Siegerehrung Nachwuchs<br>11:35 &#8211; Rennen 4 (60 min) \u2013 Elite\/U23, Amateure-Herren, Junioren, Masters I, Masters II, Masters III, Masters IV, Masters V, Masters VI, \u00d6RV BikeCard m\u00e4nnlich<br>11:55 &#8211; Rennen 5 (40 min) \u2013\u00a0Frauen Elite\/U23\/Juniorinnen, \u00d6RV BikeCard weiblich<br>13:00 &#8211; Siegerehrung, N\u00d6 Meisterschaften<\/li>\n\n\n\n<li><mark style=\"background-color:rgba(0, 0, 0, 0)\" class=\"has-inline-color has-luminous-vivid-orange-color\">kidsbiketrophy<\/mark><br>13:20 \u2013 K4 \u2013 Jahrgang 2021 und j\u00fcnger<br>13:30 \u2013 K3 \u2013 Jahrgang 2019\/2020<br>13:40 \u2013 K2- Jahrgang 2017\/2018<br>13:55 \u2013 K1- Jahrgang 2014\/2015\/2016<br>anschlie\u00dfend jeweils Siegerehrung<\/li>\n<\/ul>\n\n\n\n<h4 class=\"wp-block-heading\">Rahmenprogramm<\/h4>\n\n\n\n<ul class=\"wp-block-list\">\n<li>Rennmoderation<\/li>\n\n\n\n<li>Siegerehrungen<\/li>\n\n\n\n<li>Buffet<\/li>\n<\/ul>\n","protected":false},"excerpt":{"rendered":"<p>Dienstag, 6.1.2026 Rahmenprogramm<\/p>\n<p class=\"continue-reading-button\"> <a class=\"continue-reading-link\" href=\"https:\/\/www.3koenixcross.at\/?page_id=59\">Continue reading<i class=\"crycon-right-dir\"><\/i><\/a><\/p>\n","protected":false},"author":1,"featured_media":0,"parent":0,"menu_order":0,"comment_status":"closed","ping_status":"open","template":"","meta":{"footnotes":""},"class_list":["post-59","page","type-page","status-publish","hentry"],"_links":{"self":[{"href":"https:\/\/www.3koenixcross.at\/index.php?rest_route=\/wp\/v2\/pages\/59","targetHints":{"allow":["GET"]}}],"collection":[{"href":"https:\/\/www.3koenixcross.at\/index.php?rest_route=\/wp\/v2\/pages"}],"about":[{"href":"https:\/\/www.3koenixcross.at\/index.php?rest_route=\/wp\/v2\/types\/page"}],"author":[{"embeddable":true,"href":"https:\/\/www.3koenixcross.at\/index.php?rest_route=\/wp\/v2\/users\/1"}],"replies":[{"embeddable":true,"href":"https:\/\/www.3koenixcross.at\/index.php?rest_route=%2Fwp%2Fv2%2Fcomments&post=59"}],"version-history":[{"count":37,"href":"https:\/\/www.3koenixcross.at\/index.php?rest_route=\/wp\/v2\/pages\/59\/revisions"}],"predecessor-version":[{"id":3068,"href":"https:\/\/www.3koenixcross.at\/index.php?rest_route=\/wp\/v2\/pages\/59\/revisions\/3068"}],"wp:attachment":[{"href":"https:\/\/www.3koenixcross.at\/index.php?rest_route=%2Fwp%2Fv2%2Fmedia&parent=59"}],"curies":[{"name":"wp","href":"https:\/\/api.w.org\/{rel}","templated":true}]}}