{"id":80,"date":"2014-10-30T09:42:39","date_gmt":"2014-10-30T08:42:39","guid":{"rendered":"http:\/\/www.3koenixcross.at\/?page_id=80"},"modified":"2024-12-15T20:00:25","modified_gmt":"2024-12-15T19:00:25","slug":"anreise","status":"publish","type":"page","link":"https:\/\/www.3koenixcross.at\/?page_id=80","title":{"rendered":"Anreise"},"content":{"rendered":"<p><b>Anfahrt mit dem PKW<\/b><\/p>\n<p>Bei der Ausfahrt St.P\u00f6lten S\u00dcD links auf die B20 Richtung Zentrum abbiegen und weiter auf der Mariazeller Stra\u00dfe. Beim Europaplatz links auf die B1 abbiegen und nach Porsche Austria rechts in die Schanze abbiegen. Danach gleich rechts in die Laimgrubenstra\u00dfe abbiegen und am Ende der Stra\u00dfe links auf dem Schotterparkplatz parken.<\/p>\n<p><strong>Navigationseingabe<\/strong><\/p>\n<p>Laimgrubenstrasse 1<br \/>\n3100 St. P\u00f6lten<\/p>\n<p><strong>\u00dcbernachtungsm\u00f6glichkeiten<\/strong>:<\/p>\n<ul>\n<li><a href=\"http:\/\/www.st-poelten.gv.at\/Content.Node\/tourismus\/uebernachten\/Uebernachten.php\" target=\"_blank\" rel=\"noopener\">\u00dcbernachten in St. P\u00f6lten<\/a><\/li>\n<\/ul>\n","protected":false},"excerpt":{"rendered":"<p>Anfahrt mit dem PKW Bei der Ausfahrt St.P\u00f6lten S\u00dcD links auf die B20 Richtung Zentrum abbiegen und weiter auf der Mariazeller Stra\u00dfe. Beim Europaplatz links auf die B1 abbiegen und nach Porsche Austria rechts in die Schanze abbiegen. Danach gleich rechts in die Laimgrubenstra\u00dfe abbiegen und am Ende der Stra\u00dfe\u2026<\/p>\n<p class=\"continue-reading-button\"> <a class=\"continue-reading-link\" href=\"https:\/\/www.3koenixcross.at\/?page_id=80\">Continue reading<i class=\"crycon-right-dir\"><\/i><\/a><\/p>\n","protected":false},"author":1,"featured_media":0,"parent":67,"menu_order":0,"comment_status":"closed","ping_status":"open","template":"","meta":{"footnotes":""},"class_list":["post-80","page","type-page","status-publish","hentry"],"_links":{"self":[{"href":"https:\/\/www.3koenixcross.at\/index.php?rest_route=\/wp\/v2\/pages\/80","targetHints":{"allow":["GET"]}}],"collection":[{"href":"https:\/\/www.3koenixcross.at\/index.php?rest_route=\/wp\/v2\/pages"}],"about":[{"href":"https:\/\/www.3koenixcross.at\/index.php?rest_route=\/wp\/v2\/types\/page"}],"author":[{"embeddable":true,"href":"https:\/\/www.3koenixcross.at\/index.php?rest_route=\/wp\/v2\/users\/1"}],"replies":[{"embeddable":true,"href":"https:\/\/www.3koenixcross.at\/index.php?rest_route=%2Fwp%2Fv2%2Fcomments&post=80"}],"version-history":[{"count":7,"href":"https:\/\/www.3koenixcross.at\/index.php?rest_route=\/wp\/v2\/pages\/80\/revisions"}],"predecessor-version":[{"id":2968,"href":"https:\/\/www.3koenixcross.at\/index.php?rest_route=\/wp\/v2\/pages\/80\/revisions\/2968"}],"up":[{"embeddable":true,"href":"https:\/\/www.3koenixcross.at\/index.php?rest_route=\/wp\/v2\/pages\/67"}],"wp:attachment":[{"href":"https:\/\/www.3koenixcross.at\/index.php?rest_route=%2Fwp%2Fv2%2Fmedia&parent=80"}],"curies":[{"name":"wp","href":"https:\/\/api.w.org\/{rel}","templated":true}]}}